{"id":513,"date":"2016-05-11T13:48:44","date_gmt":"2016-05-11T13:48:44","guid":{"rendered":"http:\/\/wpoffice\/enfold-fitness\/?page_id=513"},"modified":"2021-07-20T14:16:54","modified_gmt":"2021-07-20T14:16:54","slug":"kontakt","status":"publish","type":"page","link":"https:\/\/b-horizon.com\/de\/kontakt\/","title":{"rendered":"Kontakt"},"content":{"rendered":"<div id='full_slider_1'  class='avia-fullwidth-slider main_color avia-shadow   avia-builder-el-0  el_before_av_section  avia-builder-el-first   container_wrap sidebar_right'  ><div  class='avia-slideshow av-ay0t5-e4485de4705b0f30704a4877f355f654 avia-slideshow-featured av_slideshow_full avia-slide-slider av-slideshow-ui av-control-default av-slideshow-manual av-loop-once av-loop-manual-endless av-default-height-applied   avia-slideshow-1' data-slideshow-options=\"{&quot;animation&quot;:&quot;slide&quot;,&quot;autoplay&quot;:false,&quot;loop_autoplay&quot;:&quot;once&quot;,&quot;interval&quot;:5,&quot;loop_manual&quot;:&quot;manual-endless&quot;,&quot;autoplay_stopper&quot;:false,&quot;noNavigation&quot;:false,&quot;bg_slider&quot;:false,&quot;keep_padding&quot;:false,&quot;hoverpause&quot;:false,&quot;show_slide_delay&quot;:0}\"  itemprop=\"image\" itemscope=\"itemscope\" itemtype=\"https:\/\/schema.org\/ImageObject\" ><ul class='avia-slideshow-inner ' style='padding-bottom: 28.666666666667%;'><li  class='avia-slideshow-slide av-ay0t5-e4485de4705b0f30704a4877f355f654__0  av-single-slide slide-1 slide-odd'><div data-rel='slideshow-1' class='avia-slide-wrap '   ><img decoding=\"async\" fetchpriority=\"high\" class=\"wp-image-4272 avia-img-lazy-loading-not-4272\"  src=\"https:\/\/b-horizon.com\/wp-content\/uploads\/2019\/09\/b-horizon-regensburg-09-2019.jpg\" width=\"1500\" height=\"430\" title='B-Horizon Microelectronics Regensburg' alt='Das B-Horizon Logo mit dem Horizont der Stadt Regensburg als Hintergrund, in der das Unternehmen seinen Hauptsitz hat und gegr\u00fcndet wurde. Hinter der Grundidee des Logos und des Firmennamens steckt die Bedeutung der f\u00fcr Vegetation und Flora wichtigsten Erdschicht \u201eB-Horizon\u201c. Diese versorgt die Wurzeln mit essentiellen Inhaltsstoffen, um zu wachsen und ihre Vitalit\u00e4t zu verbreiten. Unsere Vision ist es, unseren Kunden zum Wachstum zu verhelfen, indem wir effektive Unterst\u00fctzung und fruchtbare L\u00f6sungen anbieten.'  itemprop=\"thumbnailUrl\" srcset=\"https:\/\/b-horizon.com\/wp-content\/uploads\/2019\/09\/b-horizon-regensburg-09-2019.jpg 1500w, https:\/\/b-horizon.com\/wp-content\/uploads\/2019\/09\/b-horizon-regensburg-09-2019-300x86.jpg 300w, https:\/\/b-horizon.com\/wp-content\/uploads\/2019\/09\/b-horizon-regensburg-09-2019-768x220.jpg 768w, https:\/\/b-horizon.com\/wp-content\/uploads\/2019\/09\/b-horizon-regensburg-09-2019-1030x295.jpg 1030w, https:\/\/b-horizon.com\/wp-content\/uploads\/2019\/09\/b-horizon-regensburg-09-2019-705x202.jpg 705w, https:\/\/b-horizon.com\/wp-content\/uploads\/2019\/09\/b-horizon-regensburg-09-2019-450x129.jpg 450w\" sizes=\"(max-width: 1500px) 100vw, 1500px\" \/><\/div><\/li><\/ul><\/div><\/div>\n<div id='av_section_1'  class='avia-section av-2qfs0h-f51a0ed93435d338274c373f09614a4e main_color avia-section-large avia-no-border-styling  avia-builder-el-1  el_after_av_slideshow_full  avia-builder-el-last  avia-bg-style-scroll container_wrap sidebar_right'  ><div class='container av-section-cont-open' ><div class='template-page content  av-content-small alpha units'><div class='post-entry post-entry-type-page post-entry-513'><div class='entry-content-wrapper clearfix'>\n\n<style type=\"text\/css\" data-created_by=\"avia_inline_auto\" id=\"style-css-av-g5fq1-e9478e545ad01b416c7246253987e032\">\n#top .av-special-heading.av-g5fq1-e9478e545ad01b416c7246253987e032{\npadding-bottom:30px;\nfont-size:70px;\n}\nbody .av-special-heading.av-g5fq1-e9478e545ad01b416c7246253987e032 .av-special-heading-tag .heading-char{\nfont-size:25px;\n}\n#top #wrap_all .av-special-heading.av-g5fq1-e9478e545ad01b416c7246253987e032 .av-special-heading-tag{\nfont-size:70px;\n}\n.av-special-heading.av-g5fq1-e9478e545ad01b416c7246253987e032 .av-subheading{\nfont-size:15px;\n}\n\n@media only screen and (min-width: 480px) and (max-width: 767px){ \n#top #wrap_all .av-special-heading.av-g5fq1-e9478e545ad01b416c7246253987e032 .av-special-heading-tag{\nfont-size:0.8em;\n}\n}\n\n@media only screen and (max-width: 479px){ \n#top #wrap_all .av-special-heading.av-g5fq1-e9478e545ad01b416c7246253987e032 .av-special-heading-tag{\nfont-size:0.8em;\n}\n}\n<\/style>\n<div  class='av-special-heading av-g5fq1-e9478e545ad01b416c7246253987e032 av-special-heading-h1 blockquote modern-quote  avia-builder-el-2  el_before_av_hr  avia-builder-el-first  av-inherit-size'><h1 class='av-special-heading-tag '  itemprop=\"headline\"  >Kontakt<\/h1><div class=\"special-heading-border\"><div class=\"special-heading-inner-border\"><\/div><\/div><\/div>\n\n<style type=\"text\/css\" data-created_by=\"avia_inline_auto\" id=\"style-css-av-k0ghph9q-3be5921a886b98c49bcceb3ebe616f7d\">\n#top .hr.hr-invisible.av-k0ghph9q-3be5921a886b98c49bcceb3ebe616f7d{\nheight:50px;\n}\n<\/style>\n<div  class='hr av-k0ghph9q-3be5921a886b98c49bcceb3ebe616f7d hr-invisible  avia-builder-el-3  el_after_av_heading  el_before_av_two_third '><span class='hr-inner '><span class=\"hr-inner-style\"><\/span><\/span><\/div>\n\n<style type=\"text\/css\" data-created_by=\"avia_inline_auto\" id=\"style-css-av-8g7s9-6c9c15020961f6e6b04de5463e595436\">\n.flex_column.av-8g7s9-6c9c15020961f6e6b04de5463e595436{\nborder-radius:0px 0px 0px 0px;\npadding:0px 0px 0px 0px;\n}\n<\/style>\n<div  class='flex_column av-8g7s9-6c9c15020961f6e6b04de5463e595436 av_two_third  avia-builder-el-4  el_after_av_hr  el_before_av_one_third  first flex_column_div av-zero-column-padding  '     ><p><section  class='av_textblock_section av-2aqqyp-a78414a0011556670ba99b88566ece4f '   itemscope=\"itemscope\" itemtype=\"https:\/\/schema.org\/CreativeWork\" ><div class='avia_textblock'  itemprop=\"text\" ><\/div><\/section><br \/>\n<div  class='av_gmaps_sc_main_wrap av_gmaps_main_wrap '><div id='av_gmap_0' class='avia-google-map-container av_gmaps_show_delayed avia-google-map-sc  av-no-fallback-img ' data-mapid='av_gmap_0'  style='height: 400px;'><a class=\"av_gmaps_browser_disabled av_text_confirm_link av_text_confirm_link_visible\" href=\"https:\/\/www.google.com\/maps\/search\/?api=1&#038;query=Bruckdorfer%20Stra\u00dfe%2034%2093161%20Sinzing%20%20Deutschland\" target=\"_blank\">Aufgrund deiner Datenschutz-Einstellungen k\u00f6nnen wir Ihnen die Karte nicht anzeigen. Klicken Sie hier, um die Karte in einem neuen Fenster zu \u00f6ffnen.<\/a><a class=\"av_text_confirm_link brlbs-unblock-google-maps-enfold\" style=\"display:none\"><\/a> <div class=\"brlbs-cmpnt-container brlbs-cmpnt-content-blocker brlbs-cmpnt-with-individual-styles\" data-borlabs-cookie-content-blocker-id=\"google-maps-enfold\" data-borlabs-cookie-content=\"PGRpdiAgY2xhc3M9J2F2X2dtYXBzX3NjX21haW5fd3JhcCBhdl9nbWFwc19tYWluX3dyYXAgJz48ZGl2IGlkPSdhdl9nbWFwXzAnIGNsYXNzPSdhdmlhLWdvb2dsZS1tYXAtY29udGFpbmVyIGF2X2dtYXBzX3Nob3dfZGVsYXllZCBhdmlhLWdvb2dsZS1tYXAtc2MgIGF2LW5vLWZhbGxiYWNrLWltZyAnIGRhdGEtbWFwaWQ9J2F2X2dtYXBfMCcgIHN0eWxlPSdoZWlnaHQ6IDQwMHB4Oyc+PGEgY2xhc3M9ImF2X2dtYXBzX2Jyb3dzZXJfZGlzYWJsZWQgYXZfdGV4dF9jb25maXJtX2xpbmsgYXZfdGV4dF9jb25maXJtX2xpbmtfdmlzaWJsZSIgaHJlZj0iaHR0cHM6Ly93d3cuZ29vZ2xlLmNvbS9tYXBzL3NlYXJjaC8\/YXBpPTEmIzAzODtxdWVyeT1CcnVja2RvcmZlciUyMFN0cmHDn2UlMjAzNCUyMDkzMTYxJTIwU2luemluZyUyMCUyMERldXRzY2hsYW5kIiB0YXJnZXQ9Il9ibGFuayI+QXVmZ3J1bmQgZGVpbmVyIERhdGVuc2NodXR6LUVpbnN0ZWxsdW5nZW4ga8O2bm5lbiB3aXIgSWhuZW4gZGllIEthcnRlIG5pY2h0IGFuemVpZ2VuLiBLbGlja2VuIFNpZSBoaWVyLCB1bSBkaWUgS2FydGUgaW4gZWluZW0gbmV1ZW4gRmVuc3RlciB6dSDDtmZmbmVuLjwvYT48L2Rpdj48L2Rpdj4=\"><div class=\"brlbs-cmpnt-cb-preset-b brlbs-cmpnt-cb-google-maps-enfold\"> <div class=\"brlbs-cmpnt-cb-thumbnail\" style=\"background-image: url('https:\/\/b-horizon.com\/wp-content\/uploads\/borlabs-cookie\/1\/brlbs-cb-google-maps-main.png')\"><\/div> <div class=\"brlbs-cmpnt-cb-main\"> <div class=\"brlbs-cmpnt-cb-content\"> <p class=\"brlbs-cmpnt-cb-description\">Sie sehen gerade einen Platzhalterinhalt von <strong>Google Maps<\/strong>. Um auf den eigentlichen Inhalt zuzugreifen, klicken Sie auf die Schaltfl\u00e4che unten. Bitte beachten Sie, dass dabei Daten an Drittanbieter weitergegeben werden.<\/p> <a class=\"brlbs-cmpnt-cb-provider-toggle\" href=\"#\" data-borlabs-cookie-show-provider-information role=\"button\">Mehr Informationen<\/a> <\/div> <div class=\"brlbs-cmpnt-cb-buttons\"> <a class=\"brlbs-cmpnt-cb-btn\" href=\"#\" data-borlabs-cookie-unblock role=\"button\">Inhalt entsperren<\/a> <a class=\"brlbs-cmpnt-cb-btn\" href=\"#\" data-borlabs-cookie-accept-service role=\"button\" style=\"display: inherit\">Erforderlichen Service akzeptieren und Inhalte entsperren<\/a> <\/div> <\/div> <\/div><\/div><\/div><\/div><br \/>\n<section  class='av_textblock_section av-1t9wuh-2b570d000136e3cc6d7a2c04cff7572c '   itemscope=\"itemscope\" itemtype=\"https:\/\/schema.org\/CreativeWork\" ><div class='avia_textblock'  itemprop=\"text\" ><p>Um mehr \u00fcber Regensburg zu erfahren und Tipps zu Ihrem Aufenthalt sowie Unterk\u00fcnften und Verkehrsmitteln zu erhalten, besuchen Sie <a href=\"http:\/\/www.regensburg.de\" target=\"_blank\" rel=\"noopener\">www.regensburg.de<\/a><\/p>\n<\/div><\/section><\/p><\/div>\n<style type=\"text\/css\" data-created_by=\"avia_inline_auto\" id=\"style-css-av-1kvum9-953de2dfd25498fe292e16e3e7111ea5\">\n.flex_column.av-1kvum9-953de2dfd25498fe292e16e3e7111ea5{\nborder-radius:0px 0px 0px 0px;\npadding:0px 0px 0px 0px;\n}\n<\/style>\n<div  class='flex_column av-1kvum9-953de2dfd25498fe292e16e3e7111ea5 av_one_third  avia-builder-el-8  el_after_av_two_third  avia-builder-el-last  flex_column_div av-zero-column-padding  '     ><section  class='av_textblock_section av-jik68jiz-3ce547afbe2aa395aaf8705c8b1b654d '   itemscope=\"itemscope\" itemtype=\"https:\/\/schema.org\/CreativeWork\" ><div class='avia_textblock'  itemprop=\"text\" ><h2>B-Horizon GmbH<\/h2>\n<p>Bruckdorfer Stra\u00dfe 34<br \/>\n93161 Sinzing, Deutschland<br \/>\nTelefon: <a href=\"tel:+4994120602500\">+49 941 20602500<\/a><br \/>\nE-Mail: <a href=\"mailto:info@b-horizon.com\">info@b-horizon.com<\/a><\/p>\n<\/div><\/section><\/div>\n<\/div><\/div><\/div><!-- close content main div --><\/div><\/div><div id='after_section_1'  class='main_color av_default_container_wrap container_wrap sidebar_right'  ><div class='container av-section-cont-open' ><div class='template-page content  av-content-small alpha units'><div class='post-entry post-entry-type-page post-entry-513'><div class='entry-content-wrapper clearfix'>\n","protected":false},"excerpt":{"rendered":"","protected":false},"author":1,"featured_media":0,"parent":0,"menu_order":0,"comment_status":"closed","ping_status":"closed","template":"","meta":{"footnotes":""},"class_list":["post-513","page","type-page","status-publish","hentry"],"yoast_head":"<!-- This site is optimized with the Yoast SEO plugin v27.1.1 - https:\/\/yoast.com\/product\/yoast-seo-wordpress\/ -->\n<title>Kontakt - B-Horizon Microelectronics - Entwicklung und Beratung<\/title>\n<meta name=\"description\" content=\"Sie brauchen Unterst\u00fctzung bei Ihrem n\u00e4chsten Mikroelektronik Entwicklungsprojekt? Kontaktieren Sie uns f\u00fcr individuelle Informationen!\" \/>\n<meta name=\"robots\" content=\"index, follow, max-snippet:-1, max-image-preview:large, max-video-preview:-1\" \/>\n<link rel=\"canonical\" href=\"https:\/\/b-horizon.com\/de\/kontakt\/\" \/>\n<meta property=\"og:locale\" content=\"de_DE\" \/>\n<meta property=\"og:type\" content=\"article\" \/>\n<meta property=\"og:title\" content=\"Kontakt - B-Horizon Microelectronics - Entwicklung und Beratung\" \/>\n<meta property=\"og:description\" content=\"Sie brauchen Unterst\u00fctzung bei Ihrem n\u00e4chsten Mikroelektronik Entwicklungsprojekt? Kontaktieren Sie uns f\u00fcr individuelle Informationen!\" \/>\n<meta property=\"og:url\" content=\"https:\/\/b-horizon.com\/de\/kontakt\/\" \/>\n<meta property=\"og:site_name\" content=\"B-Horizon\" \/>\n<meta property=\"article:modified_time\" content=\"2021-07-20T14:16:54+00:00\" \/>\n<meta name=\"twitter:card\" content=\"summary_large_image\" \/>\n<meta name=\"twitter:label1\" content=\"Gesch\u00e4tzte Lesezeit\" \/>\n\t<meta name=\"twitter:data1\" content=\"2\u00a0Minuten\" \/>\n<!-- \/ Yoast SEO plugin. -->","yoast_head_json":{"title":"Kontakt - B-Horizon Microelectronics - Entwicklung und Beratung","description":"Sie brauchen Unterst\u00fctzung bei Ihrem n\u00e4chsten Mikroelektronik Entwicklungsprojekt? Kontaktieren Sie uns f\u00fcr individuelle Informationen!","robots":{"index":"index","follow":"follow","max-snippet":"max-snippet:-1","max-image-preview":"max-image-preview:large","max-video-preview":"max-video-preview:-1"},"canonical":"https:\/\/b-horizon.com\/de\/kontakt\/","og_locale":"de_DE","og_type":"article","og_title":"Kontakt - B-Horizon Microelectronics - Entwicklung und Beratung","og_description":"Sie brauchen Unterst\u00fctzung bei Ihrem n\u00e4chsten Mikroelektronik Entwicklungsprojekt? Kontaktieren Sie uns f\u00fcr individuelle Informationen!","og_url":"https:\/\/b-horizon.com\/de\/kontakt\/","og_site_name":"B-Horizon","article_modified_time":"2021-07-20T14:16:54+00:00","twitter_card":"summary_large_image","twitter_misc":{"Gesch\u00e4tzte Lesezeit":"2\u00a0Minuten"},"schema":{"@context":"https:\/\/schema.org","@graph":[{"@type":"WebPage","@id":"https:\/\/b-horizon.com\/de\/kontakt\/","url":"https:\/\/b-horizon.com\/de\/kontakt\/","name":"Kontakt - B-Horizon Microelectronics - Entwicklung und Beratung","isPartOf":{"@id":"https:\/\/b-horizon.com\/de\/#website"},"datePublished":"2016-05-11T13:48:44+00:00","dateModified":"2021-07-20T14:16:54+00:00","description":"Sie brauchen Unterst\u00fctzung bei Ihrem n\u00e4chsten Mikroelektronik Entwicklungsprojekt? Kontaktieren Sie uns f\u00fcr individuelle Informationen!","breadcrumb":{"@id":"https:\/\/b-horizon.com\/de\/kontakt\/#breadcrumb"},"inLanguage":"de","potentialAction":[{"@type":"ReadAction","target":["https:\/\/b-horizon.com\/de\/kontakt\/"]}]},{"@type":"BreadcrumbList","@id":"https:\/\/b-horizon.com\/de\/kontakt\/#breadcrumb","itemListElement":[{"@type":"ListItem","position":1,"name":"Startseite","item":"https:\/\/b-horizon.com\/de\/"},{"@type":"ListItem","position":2,"name":"Kontakt"}]},{"@type":"WebSite","@id":"https:\/\/b-horizon.com\/de\/#website","url":"https:\/\/b-horizon.com\/de\/","name":"B-Horizon","description":"Microelectronic","publisher":{"@id":"https:\/\/b-horizon.com\/de\/#organization"},"potentialAction":[{"@type":"SearchAction","target":{"@type":"EntryPoint","urlTemplate":"https:\/\/b-horizon.com\/de\/?s={search_term_string}"},"query-input":{"@type":"PropertyValueSpecification","valueRequired":true,"valueName":"search_term_string"}}],"inLanguage":"de"},{"@type":"Organization","@id":"https:\/\/b-horizon.com\/de\/#organization","name":"B-Horizon GmbH","url":"https:\/\/b-horizon.com\/de\/","logo":{"@type":"ImageObject","inLanguage":"de","@id":"https:\/\/b-horizon.com\/de\/#\/schema\/logo\/image\/","url":"https:\/\/b-horizon.com\/wp-content\/uploads\/2017\/08\/b-horizon-logo.png","contentUrl":"https:\/\/b-horizon.com\/wp-content\/uploads\/2017\/08\/b-horizon-logo.png","width":466,"height":156,"caption":"B-Horizon GmbH"},"image":{"@id":"https:\/\/b-horizon.com\/de\/#\/schema\/logo\/image\/"}}]}},"_links":{"self":[{"href":"https:\/\/b-horizon.com\/de\/wp-json\/wp\/v2\/pages\/513","targetHints":{"allow":["GET"]}}],"collection":[{"href":"https:\/\/b-horizon.com\/de\/wp-json\/wp\/v2\/pages"}],"about":[{"href":"https:\/\/b-horizon.com\/de\/wp-json\/wp\/v2\/types\/page"}],"author":[{"embeddable":true,"href":"https:\/\/b-horizon.com\/de\/wp-json\/wp\/v2\/users\/1"}],"replies":[{"embeddable":true,"href":"https:\/\/b-horizon.com\/de\/wp-json\/wp\/v2\/comments?post=513"}],"version-history":[{"count":40,"href":"https:\/\/b-horizon.com\/de\/wp-json\/wp\/v2\/pages\/513\/revisions"}],"predecessor-version":[{"id":8104,"href":"https:\/\/b-horizon.com\/de\/wp-json\/wp\/v2\/pages\/513\/revisions\/8104"}],"wp:attachment":[{"href":"https:\/\/b-horizon.com\/de\/wp-json\/wp\/v2\/media?parent=513"}],"curies":[{"name":"wp","href":"https:\/\/api.w.org\/{rel}","templated":true}]}}