{"id":866,"date":"2017-08-17T13:01:26","date_gmt":"2017-08-17T13:01:26","guid":{"rendered":"http:\/\/wordpress.p420283.webspaceconfig.de\/?page_id=866"},"modified":"2022-05-11T13:21:04","modified_gmt":"2022-05-11T13:21:04","slug":"impressum","status":"publish","type":"page","link":"https:\/\/b-horizon.com\/de\/impressum\/","title":{"rendered":"Impressum"},"content":{"rendered":"<h1>Impressum<\/h1>\n<p>Verantwortlich f\u00fcr den Inhalt: B-Horizon GmbH<\/p>\n<p>Anschrift:<br \/>\nB-Horizon GmbH<br \/>\nBruckdorfer Stra\u00dfe 34<br \/>\n93161 Sinzing, Deutschland<\/p>\n<p>Vertretungsberechtigter Gesch\u00e4ftsf\u00fchrer: Mohammad Kabany<\/p>\n<p>Tel.: <a href=\"tel:+4994120602500\">+49-941-20602500<\/a><br \/>\nE-Mail: <a href=\"mailto:info@b-horizon.com\">info@b-horizon.com<\/a><br \/>\nInternet: <a href=\"https:\/\/b-horizon.com\/\">www.b-horizon.com<\/a><\/p>\n<p>Sitz der Gesellschaft: Sinzing<br \/>\nRegistergericht: Amtsgericht Regensburg<br \/>\nRegisternummer: HRB 16006<\/p>\n<p>Umsatzsteuer-Identifikationsnummer gem\u00e4\u00df \u00a7 27 a Umsatzsteuergesetz: DE312242753<\/p>\n<p>Haftungshinweis: Trotz sorgf\u00e4ltiger inhaltlicher Kontrolle \u00fcbernehmen wir keine Haftung f\u00fcr die Inhalte externer Links. F\u00fcr den Inhalt der verlinkten Seiten sind ausschlie\u00dflich deren Betreiber verantwortlich.<\/p>\n<p>Inhaltlich Verantwortlicher gem\u00e4\u00df \u00a7 55 Abs. 2 RStV: Mohammad Kabany<br \/>\nVerantwortlich f\u00fcr die Gestaltung: <a href=\"https:\/\/lautundklar.de\" target=\"_blank\" rel=\"noopener noreferrer\">lautundklar GmbH<\/a><\/p>\n<h2>Disclaimer<\/h2>\n<h4>Haftung f\u00fcr Inhalte<\/h4>\n<p>Als Diensteanbieter sind wir gem\u00e4\u00df \u00a7 7 Abs.1 TMG f\u00fcr eigene Inhalte auf diesen Seiten nach den allgemeinen Gesetzen verantwortlich. Nach \u00a7\u00a7 8 bis 10 TMG sind wir als Diensteanbieter jedoch nicht verpflichtet, \u00fcbermittelte oder gespeicherte fremde Informationen zu \u00fcberwachen oder nach Umst\u00e4nden zu forschen, die auf eine rechtswidrige T\u00e4tigkeit hinweisen.<\/p>\n<p>Verpflichtungen zur Entfernung oder Sperrung der Nutzung von Informationen nach den allgemeinen Gesetzen bleiben hiervon unber\u00fchrt. Eine diesbez\u00fcgliche Haftung ist jedoch erst ab dem Zeitpunkt der Kenntnis einer konkreten Rechtsverletzung m\u00f6glich. Bei Bekanntwerden von entsprechenden Rechtsverletzungen werden wir diese Inhalte umgehend entfernen.<\/p>\n<h4>Haftung f\u00fcr Links<\/h4>\n<p>Unser Angebot enth\u00e4lt Links zu externen Websites Dritter, auf deren Inhalte wir keinen Einfluss haben. Deshalb k\u00f6nnen wir f\u00fcr diese fremden Inhalte auch keine Gew\u00e4hr \u00fcbernehmen. F\u00fcr die Inhalte der verlinkten Seiten ist stets der jeweilige Anbieter oder Betreiber der Seiten verantwortlich. Die verlinkten Seiten wurden zum Zeitpunkt der Verlinkung auf m\u00f6gliche Rechtsverst\u00f6\u00dfe \u00fcberpr\u00fcft. Rechtswidrige Inhalte waren zum Zeitpunkt der Verlinkung nicht erkennbar.<\/p>\n<p>Eine permanente inhaltliche Kontrolle der verlinkten Seiten ist jedoch ohne konkrete Anhaltspunkte einer Rechtsverletzung nicht zumutbar. Bei Bekanntwerden von Rechtsverletzungen werden wir derartige Links umgehend entfernen.<\/p>\n<h4>Urheberrecht<\/h4>\n<p>Die durch die Seitenbetreiber erstellten Inhalte und Werke auf diesen Seiten unterliegen dem deutschen Urheberrecht. Die Vervielf\u00e4ltigung, Bearbeitung, Verbreitung und jede Art der Verwertung au\u00dferhalb der Grenzen des Urheberrechtes bed\u00fcrfen der schriftlichen Zustimmung des jeweiligen Autors bzw. Erstellers. Downloads und Kopien dieser Seite sind nur f\u00fcr den privaten, nicht kommerziellen Gebrauch gestattet.<\/p>\n<p>Soweit die Inhalte auf dieser Seite nicht vom Betreiber erstellt wurden, werden die Urheberrechte Dritter beachtet. Insbesondere werden Inhalte Dritter als solche gekennzeichnet. Sollten Sie trotzdem auf eine Urheberrechtsverletzung aufmerksam werden, bitten wir um einen entsprechenden Hinweis. Bei Bekanntwerden von Rechtsverletzungen werden wir derartige Inhalte umgehend entfernen.<\/p>\n<p>Bilder werden unter Lizenzierung von Shutterstock.com genutzt.<\/p>\n<p>Fotos werden unter Lizenzierung von <a href=\"http:\/\/patrick-reinig.com\">patrick-reinig.com<\/a> genutzt.<\/p>\n","protected":false},"excerpt":{"rendered":"<p>Impressum Verantwortlich f\u00fcr den Inhalt: B-Horizon GmbH Anschrift: B-Horizon GmbH Bruckdorfer Stra\u00dfe 34 93161 Sinzing, Deutschland Vertretungsberechtigter Gesch\u00e4ftsf\u00fchrer: Mohammad Kabany Tel.: +49-941-20602500 E-Mail: info@b-horizon.com Internet: www.b-horizon.com Sitz der Gesellschaft: Sinzing Registergericht: Amtsgericht Regensburg Registernummer: HRB 16006 Umsatzsteuer-Identifikationsnummer gem\u00e4\u00df \u00a7 27 a Umsatzsteuergesetz: DE312242753 Haftungshinweis: Trotz sorgf\u00e4ltiger inhaltlicher Kontrolle \u00fcbernehmen wir keine Haftung f\u00fcr die Inhalte [&hellip;]<\/p>\n","protected":false},"author":1,"featured_media":0,"parent":0,"menu_order":0,"comment_status":"closed","ping_status":"closed","template":"","meta":{"footnotes":""},"class_list":["post-866","page","type-page","status-publish","hentry"],"yoast_head":"<!-- This site is optimized with the Yoast SEO plugin v27.4 - https:\/\/yoast.com\/product\/yoast-seo-wordpress\/ -->\n<title>Impressum - B-Horizon GmbH - Microelectronic Development and Consulting<\/title>\n<meta name=\"robots\" content=\"index, follow, max-snippet:-1, max-image-preview:large, max-video-preview:-1\" \/>\n<link rel=\"canonical\" href=\"https:\/\/b-horizon.com\/de\/impressum\/\" \/>\n<meta property=\"og:locale\" content=\"de_DE\" \/>\n<meta property=\"og:type\" content=\"article\" \/>\n<meta property=\"og:title\" content=\"Impressum - B-Horizon GmbH - Microelectronic Development and Consulting\" \/>\n<meta property=\"og:description\" content=\"Impressum Verantwortlich f\u00fcr den Inhalt: B-Horizon GmbH Anschrift: B-Horizon GmbH Bruckdorfer Stra\u00dfe 34 93161 Sinzing, Deutschland Vertretungsberechtigter Gesch\u00e4ftsf\u00fchrer: Mohammad Kabany Tel.: +49-941-20602500 E-Mail: info@b-horizon.com Internet: www.b-horizon.com Sitz der Gesellschaft: Sinzing Registergericht: Amtsgericht Regensburg Registernummer: HRB 16006 Umsatzsteuer-Identifikationsnummer gem\u00e4\u00df \u00a7 27 a Umsatzsteuergesetz: DE312242753 Haftungshinweis: Trotz sorgf\u00e4ltiger inhaltlicher Kontrolle \u00fcbernehmen wir keine Haftung f\u00fcr die Inhalte [&hellip;]\" \/>\n<meta property=\"og:url\" content=\"https:\/\/b-horizon.com\/de\/impressum\/\" \/>\n<meta property=\"og:site_name\" content=\"B-Horizon\" \/>\n<meta property=\"article:modified_time\" content=\"2022-05-11T13:21:04+00:00\" \/>\n<meta name=\"twitter:card\" content=\"summary_large_image\" \/>\n<meta name=\"twitter:label1\" content=\"Gesch\u00e4tzte Lesezeit\" \/>\n\t<meta name=\"twitter:data1\" content=\"2\u00a0Minuten\" \/>\n<!-- \/ Yoast SEO plugin. -->","yoast_head_json":{"title":"Impressum - B-Horizon GmbH - Microelectronic Development and Consulting","robots":{"index":"index","follow":"follow","max-snippet":"max-snippet:-1","max-image-preview":"max-image-preview:large","max-video-preview":"max-video-preview:-1"},"canonical":"https:\/\/b-horizon.com\/de\/impressum\/","og_locale":"de_DE","og_type":"article","og_title":"Impressum - B-Horizon GmbH - Microelectronic Development and Consulting","og_description":"Impressum Verantwortlich f\u00fcr den Inhalt: B-Horizon GmbH Anschrift: B-Horizon GmbH Bruckdorfer Stra\u00dfe 34 93161 Sinzing, Deutschland Vertretungsberechtigter Gesch\u00e4ftsf\u00fchrer: Mohammad Kabany Tel.: +49-941-20602500 E-Mail: info@b-horizon.com Internet: www.b-horizon.com Sitz der Gesellschaft: Sinzing Registergericht: Amtsgericht Regensburg Registernummer: HRB 16006 Umsatzsteuer-Identifikationsnummer gem\u00e4\u00df \u00a7 27 a Umsatzsteuergesetz: DE312242753 Haftungshinweis: Trotz sorgf\u00e4ltiger inhaltlicher Kontrolle \u00fcbernehmen wir keine Haftung f\u00fcr die Inhalte [&hellip;]","og_url":"https:\/\/b-horizon.com\/de\/impressum\/","og_site_name":"B-Horizon","article_modified_time":"2022-05-11T13:21:04+00:00","twitter_card":"summary_large_image","twitter_misc":{"Gesch\u00e4tzte Lesezeit":"2\u00a0Minuten"},"schema":{"@context":"https:\/\/schema.org","@graph":[{"@type":"WebPage","@id":"https:\/\/b-horizon.com\/de\/impressum\/","url":"https:\/\/b-horizon.com\/de\/impressum\/","name":"Impressum - B-Horizon GmbH - Microelectronic Development and Consulting","isPartOf":{"@id":"https:\/\/b-horizon.com\/de\/#website"},"datePublished":"2017-08-17T13:01:26+00:00","dateModified":"2022-05-11T13:21:04+00:00","breadcrumb":{"@id":"https:\/\/b-horizon.com\/de\/impressum\/#breadcrumb"},"inLanguage":"de","potentialAction":[{"@type":"ReadAction","target":["https:\/\/b-horizon.com\/de\/impressum\/"]}]},{"@type":"BreadcrumbList","@id":"https:\/\/b-horizon.com\/de\/impressum\/#breadcrumb","itemListElement":[{"@type":"ListItem","position":1,"name":"Startseite","item":"https:\/\/b-horizon.com\/de\/"},{"@type":"ListItem","position":2,"name":"Impressum"}]},{"@type":"WebSite","@id":"https:\/\/b-horizon.com\/de\/#website","url":"https:\/\/b-horizon.com\/de\/","name":"B-Horizon","description":"Microelectronic","publisher":{"@id":"https:\/\/b-horizon.com\/de\/#organization"},"potentialAction":[{"@type":"SearchAction","target":{"@type":"EntryPoint","urlTemplate":"https:\/\/b-horizon.com\/de\/?s={search_term_string}"},"query-input":{"@type":"PropertyValueSpecification","valueRequired":true,"valueName":"search_term_string"}}],"inLanguage":"de"},{"@type":"Organization","@id":"https:\/\/b-horizon.com\/de\/#organization","name":"B-Horizon GmbH","url":"https:\/\/b-horizon.com\/de\/","logo":{"@type":"ImageObject","inLanguage":"de","@id":"https:\/\/b-horizon.com\/de\/#\/schema\/logo\/image\/","url":"https:\/\/b-horizon.com\/wp-content\/uploads\/2017\/08\/b-horizon-logo.png","contentUrl":"https:\/\/b-horizon.com\/wp-content\/uploads\/2017\/08\/b-horizon-logo.png","width":466,"height":156,"caption":"B-Horizon GmbH"},"image":{"@id":"https:\/\/b-horizon.com\/de\/#\/schema\/logo\/image\/"}}]}},"_links":{"self":[{"href":"https:\/\/b-horizon.com\/de\/wp-json\/wp\/v2\/pages\/866","targetHints":{"allow":["GET"]}}],"collection":[{"href":"https:\/\/b-horizon.com\/de\/wp-json\/wp\/v2\/pages"}],"about":[{"href":"https:\/\/b-horizon.com\/de\/wp-json\/wp\/v2\/types\/page"}],"author":[{"embeddable":true,"href":"https:\/\/b-horizon.com\/de\/wp-json\/wp\/v2\/users\/1"}],"replies":[{"embeddable":true,"href":"https:\/\/b-horizon.com\/de\/wp-json\/wp\/v2\/comments?post=866"}],"version-history":[{"count":15,"href":"https:\/\/b-horizon.com\/de\/wp-json\/wp\/v2\/pages\/866\/revisions"}],"predecessor-version":[{"id":9015,"href":"https:\/\/b-horizon.com\/de\/wp-json\/wp\/v2\/pages\/866\/revisions\/9015"}],"wp:attachment":[{"href":"https:\/\/b-horizon.com\/de\/wp-json\/wp\/v2\/media?parent=866"}],"curies":[{"name":"wp","href":"https:\/\/api.w.org\/{rel}","templated":true}]}}